{"id":2,"date":"2024-03-05T12:19:41","date_gmt":"2024-03-05T11:19:41","guid":{"rendered":"http:\/\/aceofframe.com\/?page_id=2"},"modified":"2024-03-10T13:50:37","modified_gmt":"2024-03-10T12:50:37","slug":"conditions-generales","status":"publish","type":"page","link":"https:\/\/aceofframe.com\/index.php\/conditions-generales\/","title":{"rendered":"Conditions g\u00e9n\u00e9rales"},"content":{"rendered":"\r\n<p><strong>1. PR\u00c9SENTATION DU SITE<\/strong><\/p>\r\n<p>En vertu de l&rsquo;article 6 de la loi n\u00b0 2004-575 du 21 juin 2004 pour la confiance dans l&rsquo;\u00e9conomie num\u00e9rique, il est pr\u00e9cis\u00e9 aux utilisateurs du site web Ace of Frame l&rsquo;identit\u00e9 des diff\u00e9rents intervenants dans le cadre de sa r\u00e9alisation et de son suivi :<\/p>\r\n<p>Propri\u00e9taire et cr\u00e9ateur : St\u00e9phane Dos Pacos<br \/>Adresse : Paris, France<br \/>Adresse e-mail : stephane@aceofframe.com<\/p>\r\n<p>&nbsp;<\/p>\r\n<p><strong>2. CONDITIONS G\u00c9N\u00c9RALES D&rsquo;UTILISATION DU SITE ET DES SERVICES PROPOS\u00c9S<\/strong><\/p>\r\n<p>L&rsquo;utilisation du site web Ace of Frame implique l&rsquo;acceptation pleine et enti\u00e8re des conditions g\u00e9n\u00e9rales d&rsquo;utilisation ci-apr\u00e8s d\u00e9crites. Ces conditions d&rsquo;utilisation sont susceptibles d&rsquo;\u00eatre modifi\u00e9es ou compl\u00e9t\u00e9es \u00e0 tout moment, les utilisateurs du site Ace of Frame sont donc invit\u00e9s \u00e0 les consulter de mani\u00e8re r\u00e9guli\u00e8re.<\/p>\r\n<p>Ce site est normalement accessible \u00e0 tout moment aux utilisateurs. Une interruption pour raison de maintenance technique peut \u00eatre toutefois d\u00e9cid\u00e9e par St\u00e9phane Dos Pacos, qui s&rsquo;efforcera alors de communiquer pr\u00e9alablement aux utilisateurs les dates et heures de l&rsquo;intervention.<\/p>\r\n<p>&nbsp;<\/p>\r\n<p><strong>3. DESCRIPTION DES SERVICES FOURNIS<\/strong><\/p>\r\n<p>Le site web Ace of Frame a pour objet de fournir une information concernant l\u2019ensemble des activit\u00e9s de la soci\u00e9t\u00e9. St\u00e9phane Dos Pacos s\u2019efforce de fournir sur le site Ace of Frame des informations aussi pr\u00e9cises que possible. Toutefois, il ne pourra \u00eatre tenue responsable des omissions, des inexactitudes et des carences dans la mise \u00e0 jour, qu\u2019elles soient de son fait ou du fait des tiers partenaires qui lui fournissent ces informations.<\/p>\r\n<p>Tous les informations indiqu\u00e9es sur le site Ace of Frame sont donn\u00e9es \u00e0 titre indicatif, et sont susceptibles d\u2019\u00e9voluer. Par ailleurs, les renseignements figurant sur le site Ace of Frame ne sont pas exhaustifs. Ils sont donn\u00e9s sous r\u00e9serve de modifications ayant \u00e9t\u00e9 apport\u00e9es depuis leur mise en ligne.<\/p>\r\n<p>&nbsp;<\/p>\r\n<p><strong>4. LIMITATIONS CONTRACTUELLES SUR LES DONN\u00c9ES TECHNIQUES<\/strong><\/p>\r\n<p>Le site utilise la technologie JavaScript. Le site Internet ne pourra \u00eatre tenu responsable de dommages mat\u00e9riels li\u00e9s \u00e0 l\u2019utilisation du site. De plus, l\u2019utilisateur du site s\u2019engage \u00e0 acc\u00e9der au site en utilisant un mat\u00e9riel r\u00e9cent, ne contenant pas de virus et avec un navigateur de derni\u00e8re g\u00e9n\u00e9ration mis-\u00e0-jour.<\/p>\r\n<p>&nbsp;<\/p>\r\n<p><strong>5. PROPRI\u00c9T\u00c9 INTELLECTUELLE ET CONTREFA\u00c7ONS<\/strong><\/p>\r\n<p>St\u00e9phane Dos Pacos est propri\u00e9taire des droits de propri\u00e9t\u00e9 intellectuelle ou d\u00e9tient les droits d\u2019usage sur tous les \u00e9l\u00e9ments accessibles sur le site, notamment les textes, images, graphismes, logo, ic\u00f4nes, sons, logiciels. Toute reproduction, repr\u00e9sentation, modification, publication, adaptation de tout ou partie des \u00e9l\u00e9ments du site, quel que soit le moyen ou le proc\u00e9d\u00e9 utilis\u00e9, est interdite, sauf autorisation \u00e9crite pr\u00e9alable de St\u00e9phane Dos Pacos.<\/p>\r\n<p>Toute exploitation non autoris\u00e9e du site ou de l\u2019un quelconque des \u00e9l\u00e9ments qu\u2019il contient sera consid\u00e9r\u00e9e comme constitutive d\u2019une contrefa\u00e7on et poursuivie conform\u00e9ment aux dispositions des articles L.335-2 et suivants du Code de Propri\u00e9t\u00e9 Intellectuelle.<\/p>\r\n<p>&nbsp;<\/p>\r\n<p><strong>6. LIMITATIONS DE RESPONSABILIT\u00c9<\/strong><\/p>\r\n<p>St\u00e9phane Dos Pacos ne pourra \u00eatre tenue responsable des dommages directs et indirects caus\u00e9s au mat\u00e9riel de l\u2019utilisateur, lors de l\u2019acc\u00e8s au site web Ace of Frame, et r\u00e9sultant soit de l\u2019utilisation d\u2019un mat\u00e9riel ne r\u00e9pondant pas aux sp\u00e9cifications indiqu\u00e9es au point 4, soit de l\u2019apparition d\u2019un bug ou d\u2019une incompatibilit\u00e9.<\/p>\r\n<p>St\u00e9phane Dos Pacos ne pourra \u00e9galement \u00eatre tenue responsable des dommages indirects (tels par exemple qu\u2019une perte de march\u00e9 ou perte d\u2019une chance) cons\u00e9cutifs \u00e0 l\u2019utilisation du site web Ace of Frame.<\/p>\r\n<p>&nbsp;<\/p>\r\n<p><strong>7. GESTION DES DONN\u00c9ES PERSONNELLES<\/strong><\/p>\r\n<p>En France, les donn\u00e9es personnelles sont notamment prot\u00e9g\u00e9es par la loi n\u00b0 78-87 du 6 janvier 1978, la loi n\u00b0 2004-801 du 6 ao\u00fbt 2004, l&rsquo;article L. 226-13 du Code p\u00e9nal et la Directive Europ\u00e9enne du 24 octobre 1995.<\/p>\r\n<p>A l&rsquo;occasion de l&rsquo;utilisation du site web Ace of Frame, peuvent \u00eatres recueillies : l&rsquo;URL des liens par l&rsquo;interm\u00e9diaire desquels l&rsquo;utilisateur a acc\u00e9d\u00e9 au site web Ace of Frame, le fournisseur d&rsquo;acc\u00e8s de l&rsquo;utilisateur, l&rsquo;adresse de protocole Internet (IP) de l&rsquo;utilisateur.<\/p>\r\n<p>En tout \u00e9tat de cause St\u00e9phane Dos Pacos ne collecte des informations personnelles relatives \u00e0 l&rsquo;utilisateur que pour le besoin de certains services propos\u00e9s par le site web Ace of Frame. L&rsquo;utilisateur fournit ces informations en toute connaissance de cause, notamment lorsqu&rsquo;il proc\u00e8de par lui-m\u00eame \u00e0 leur saisie. Il est alors pr\u00e9cis\u00e9 \u00e0 l&rsquo;utilisateur du site web Ace of Frame l\u2019obligation ou non de fournir ces informations.<\/p>\r\n<p>&nbsp;<\/p>\r\n<p><strong>8. DROIT APPLICABLE ET ATTRIBUTION DE JURIDICTION<\/strong><\/p>\r\n<p>Tout litige en relation avec l\u2019utilisation du site web Ace of Frame est soumis au droit fran\u00e7ais. Il est fait attribution exclusive de juridiction aux tribunaux comp\u00e9tents de Paris.<\/p>\r\n<p>&nbsp;<\/p>\r\n<p><strong>9. LES PRINCIPALES LOIS CONCERN\u00c9ES<\/strong><\/p>\r\n<p>Loi n\u00b0 78-17 du 6 janvier 1978, notamment modifi\u00e9e par la loi n\u00b0 2004-801 du 6 ao\u00fbt 2004 relative \u00e0 l&rsquo;informatique, aux fichiers et aux libert\u00e9s.<\/p>\r\n<p>Loi n\u00b0 2004-575 du 21 juin 2004 pour la confiance dans l&rsquo;\u00e9conomie num\u00e9rique.<\/p>\r\n<p>&nbsp;<\/p>\r\n<p><strong>10. LEXIQUE<\/strong><\/p>\r\n<p>Utilisateur : Internaute se connectant, utilisant le site susnomm\u00e9.<\/p>\r\n<p>Informations personnelles : \u00ab les informations qui permettent, sous quelque forme que ce soit, directement ou non, l&rsquo;identification des personnes physiques auxquelles elles s&rsquo;appliquent \u00bb (article 4 de la loi n\u00b0 78-17 du 6 janvier 1978).<\/p>\r\n","protected":false},"excerpt":{"rendered":"<p>1. PR\u00c9SENTATION DU SITE En vertu de l&rsquo;article 6 de la loi n\u00b0 2004-575 du 21 juin 2004 pour la confiance dans l&rsquo;\u00e9conomie num\u00e9rique, il est pr\u00e9cis\u00e9 aux utilisateurs du site web Ace of Frame l&rsquo;identit\u00e9 des diff\u00e9rents intervenants dans le cadre de sa r\u00e9alisation et de son suivi : Propri\u00e9taire et cr\u00e9ateur : St\u00e9phane [&hellip;]<\/p>\n","protected":false},"author":1,"featured_media":0,"parent":0,"menu_order":0,"comment_status":"closed","ping_status":"open","template":"one-page-template.php","meta":{"footnotes":""},"class_list":["post-2","page","type-page","status-publish","hentry"],"_links":{"self":[{"href":"https:\/\/aceofframe.com\/index.php\/wp-json\/wp\/v2\/pages\/2","targetHints":{"allow":["GET"]}}],"collection":[{"href":"https:\/\/aceofframe.com\/index.php\/wp-json\/wp\/v2\/pages"}],"about":[{"href":"https:\/\/aceofframe.com\/index.php\/wp-json\/wp\/v2\/types\/page"}],"author":[{"embeddable":true,"href":"https:\/\/aceofframe.com\/index.php\/wp-json\/wp\/v2\/users\/1"}],"replies":[{"embeddable":true,"href":"https:\/\/aceofframe.com\/index.php\/wp-json\/wp\/v2\/comments?post=2"}],"version-history":[{"count":3,"href":"https:\/\/aceofframe.com\/index.php\/wp-json\/wp\/v2\/pages\/2\/revisions"}],"predecessor-version":[{"id":5824,"href":"https:\/\/aceofframe.com\/index.php\/wp-json\/wp\/v2\/pages\/2\/revisions\/5824"}],"wp:attachment":[{"href":"https:\/\/aceofframe.com\/index.php\/wp-json\/wp\/v2\/media?parent=2"}],"curies":[{"name":"wp","href":"https:\/\/api.w.org\/{rel}","templated":true}]}}